{"id":1041,"date":"2026-01-28T17:50:22","date_gmt":"2026-01-28T17:50:22","guid":{"rendered":"https:\/\/wexy.net\/?post_type=product&#038;p=1041"},"modified":"2026-01-28T18:16:28","modified_gmt":"2026-01-28T18:16:28","slug":"camisa-botafogo-ii-25-26-torcedor-reebok-masculina-preta","status":"publish","type":"product","link":"https:\/\/wexy.net\/?product=camisa-botafogo-ii-25-26-torcedor-reebok-masculina-preta","title":{"rendered":"Camisa Botafogo II 25\/26 &#8211; Torcedor Reebok Masculina &#8211; Preta"},"content":{"rendered":"<p>Nossas camisas de time de futebol s\u00e3o muito mais do que simples pe\u00e7as de roupa. Elas carregam consigo uma emo\u00e7\u00e3o indescrit\u00edvel, um sentimento de pertencimento e a hist\u00f3ria de vit\u00f3rias e desafios superados. Usar a camisa do seu time do cora\u00e7\u00e3o \u00e9 expressar amor, lealdade e a paix\u00e3o pelo esporte que une pessoas ao redor do mundo.<\/p>\n","protected":false},"excerpt":{"rendered":"<p>Nossas camisas de time de futebol s\u00e3o muito mais do que simples pe\u00e7as de roupa. Elas carregam consigo uma emo\u00e7\u00e3o indescrit\u00edvel, um sentimento de pertencimento e a hist\u00f3ria de vit\u00f3rias e desafios superados. Usar a camisa do seu time do cora\u00e7\u00e3o \u00e9 expressar amor, lealdade e a paix\u00e3o pelo esporte que une pessoas ao redor [&hellip;]<\/p>\n","protected":false},"featured_media":1043,"comment_status":"open","ping_status":"closed","template":"","meta":[],"product_brand":[],"product_cat":[37,39,25],"product_tag":[],"class_list":{"0":"post-1041","1":"product","2":"type-product","3":"status-publish","4":"has-post-thumbnail","6":"product_cat-botafogo","7":"product_cat-brasileiro","8":"product_cat-todos","9":"product_shipping_class-entrega","11":"first","12":"onbackorder","13":"sale","14":"taxable","15":"shipping-taxable","16":"purchasable","17":"product-type-variable"},"jetpack_sharing_enabled":true,"_links":{"self":[{"href":"https:\/\/wexy.net\/index.php?rest_route=\/wp\/v2\/product\/1041","targetHints":{"allow":["GET"]}}],"collection":[{"href":"https:\/\/wexy.net\/index.php?rest_route=\/wp\/v2\/product"}],"about":[{"href":"https:\/\/wexy.net\/index.php?rest_route=\/wp\/v2\/types\/product"}],"replies":[{"embeddable":true,"href":"https:\/\/wexy.net\/index.php?rest_route=%2Fwp%2Fv2%2Fcomments&post=1041"}],"wp:featuredmedia":[{"embeddable":true,"href":"https:\/\/wexy.net\/index.php?rest_route=\/wp\/v2\/media\/1043"}],"wp:attachment":[{"href":"https:\/\/wexy.net\/index.php?rest_route=%2Fwp%2Fv2%2Fmedia&parent=1041"}],"wp:term":[{"taxonomy":"product_brand","embeddable":true,"href":"https:\/\/wexy.net\/index.php?rest_route=%2Fwp%2Fv2%2Fproduct_brand&post=1041"},{"taxonomy":"product_cat","embeddable":true,"href":"https:\/\/wexy.net\/index.php?rest_route=%2Fwp%2Fv2%2Fproduct_cat&post=1041"},{"taxonomy":"product_tag","embeddable":true,"href":"https:\/\/wexy.net\/index.php?rest_route=%2Fwp%2Fv2%2Fproduct_tag&post=1041"}],"curies":[{"name":"wp","href":"https:\/\/api.w.org\/{rel}","templated":true}]}}